{"id":58858,"date":"2020-07-29T21:21:07","date_gmt":"2020-07-29T19:21:07","guid":{"rendered":"https:\/\/lovelysecret.be\/voorbereidingen\/vriendinnen-uitnodigen\/"},"modified":"2020-08-17T14:06:40","modified_gmt":"2020-08-17T12:06:40","slug":"vriendinnen-uitnodigen","status":"publish","type":"page","link":"https:\/\/lovelysecret.be\/nl\/voorbereidingen\/vriendinnen-uitnodigen\/","title":{"rendered":"Vriendinnen uitnodigen"},"content":{"rendered":"<p>[vc_row full_width=&#8221;stretch_row_content_no_spaces&#8221; equal_height=&#8221;yes&#8221;][vc_column width=&#8221;1\/2&#8243; css=&#8221;.vc_custom_1593510110102{margin-top: 0px !important;margin-right: 0px !important;margin-bottom: 0px !important;margin-left: 0px !important;padding-top: 0px !important;padding-right: 0px !important;padding-bottom: 0px !important;padding-left: 0px !important;background-image: url(https:\/\/lovelysecret.be\/wp-content\/uploads\/2020\/06\/Copie-de-Sans-titre-40.png?id=1053) !important;background-position: center !important;background-repeat: no-repeat !important;background-size: cover !important;}&#8221;][vc_empty_space height=&#8221;250px&#8221;][\/vc_column][vc_column width=&#8221;1\/2&#8243; css=&#8221;.vc_custom_1591380835181{padding-top: 50px !important;padding-right: 50px !important;padding-bottom: 50px !important;padding-left: 50px !important;}&#8221;][vc_custom_heading text=&#8221;JE VRIEND(INN)EN UITNODIGEN&#8221; font_container=&#8221;tag:h2|font_size:24px|text_align:center|line_height:24px&#8221; google_fonts=&#8221;font_family:Nunito%3A300%2Cregular%2C700|font_style:700%20bold%20regular%3A700%3Anormal&#8221;][vc_custom_heading text=&#8221;Op je thuisdemonstratie van sextoys&#8221; font_container=&#8221;tag:h2|font_size:20px|text_align:center|line_height:20px&#8221; use_theme_fonts=&#8221;yes&#8221;][vc_separator color=&#8221;custom&#8221; border_width=&#8221;2&#8243; el_width=&#8221;20&#8243; accent_color=&#8221;#9d3bc6&#8243; css=&#8221;.vc_custom_1591380782108{padding-top: 30px !important;}&#8221;][vc_column_text]<\/p>\n<p style=\"text-align: justify;\">Je <strong>vriend(inn)en<\/strong> op de juiste manier <strong>uitnodigen<\/strong> voor een sextoy-demonstratie is niet altijd eenvoudig. Wat je nodig hebt, zijn namelijk <strong>mensen<\/strong> die &#8220;zeker&#8221; en niet &#8220;misschien&#8221; zullen deelnemen. Dankzij de <strong>volgende nuttige tips<\/strong> kun je vriend(inn)en uitnodigen \u00e9n ervoor zorgen dat ze deelnemen aan je <strong>sextoy-demo<\/strong> of dat ze nuttig zijn om <strong>andere deelnemers<\/strong> te vinden. Houd er rekening mee dat hoe meer vrienden je uitnodigt, <strong>hoe hoger de waarde van je cadeaubon zal zijn<\/strong>. Zo maak je kans op een duurder cadeau of op meer cadeaus.<\/p>\n<p>[\/vc_column_text]<div class=\" vc_custom_1597665850971 ubtn-ctn-center \"><a class=\"ubtn-link ult-adjust-bottom-margin ubtn-center ubtn-normal \" href=\"https:\/\/lovelysecret.be\/nl\/contact\/#reserver\" ><button type=\"button\" id=\"ubtn-2845\"  class=\"ubtn ult-adjust-bottom-margin ult-responsive ubtn-normal ubtn-fade-bg  none  ubtn-sep-icon ubtn-sep-icon-top-push  ubtn-center   tooltip-69eb94253dc3b\"  data-hover=\"#ffffff\" data-border-color=\"\" data-bg=\"#9d3bc6\" data-hover-bg=\"#444444\" data-border-hover=\"\" data-shadow-hover=\"\" data-shadow-click=\"none\" data-shadow=\"\" data-shd-shadow=\"\"  data-ultimate-target='#ubtn-2845'  data-responsive-json-new='{\"font-size\":\"desktop:14px;\",\"line-height\":\"\"}'  style=\"font-weight:normal;border:none;background: #9d3bc6;color: #ffffff;\"><span class=\"ubtn-data ubtn-icon\"><i class=\"icomoon-the7-font-the7-arrow-07\" style=\"font-size:14px;color:#ffffff;\"><\/i><\/span><span class=\"ubtn-hover\" style=\"background-color:#444444\"><\/span><span class=\"ubtn-data ubtn-text \" >Mijn sextoy-demonstratie boeken<\/span><\/button><\/a><\/div>[\/vc_column][\/vc_row][vc_row full_width=&#8221;stretch_row&#8221; css=&#8221;.vc_custom_1593456568512{padding-top: 75px !important;padding-bottom: 75px !important;background-color: #f2f2f2 !important;}&#8221;][vc_column width=&#8221;1\/2&#8243;][vc_single_image image=&#8221;1075&#8243; img_size=&#8221;full&#8221; alignment=&#8221;center&#8221;][\/vc_column][vc_column width=&#8221;1\/2&#8243;][vc_custom_heading text=&#8221;Je vriend(inn)en op papier uitnodigen&#8221; font_container=&#8221;tag:h2|font_size:20px|text_align:left|line_height:20px&#8221; use_theme_fonts=&#8221;yes&#8221;][vc_separator color=&#8221;custom&#8221; align=&#8221;align_left&#8221; border_width=&#8221;2&#8243; el_width=&#8221;20&#8243; accent_color=&#8221;#9d3bc6&#8243; css=&#8221;.vc_custom_1592264001019{padding-top: 30px !important;}&#8221;][vc_column_text]<\/p>\n<p style=\"text-align: justify;\">Niets is leuker dan zelf een papieren uitnodiging overhandigen aan de mensen die je graag op je bijeenkomst zou zien. Je kunt dan ook meteen uitleggen hoe zo&#8217;n sextoy-avondje verloopt en dat het vooral om pret hebben gaat&#8230; Wanneer je sextoy-demonstratie is vastgelegd, stuurt Lovely Secret je per post twintig papieren uitnodigingen op maat waarmee je je <strong>vriend(inn)en <\/strong>kunt <strong>uitnodigen<\/strong>. Die kun je dan aan je vriend(inn)en uitdelen wanneer je ze ziet. Zo weet je ook meteen of ze beschikbaar zullen zijn.<\/p>\n<p>[\/vc_column_text]<div class=\" vc_custom_1597665876426 ubtn-ctn-left \"><a class=\"ubtn-link ult-adjust-bottom-margin ubtn-left ubtn-normal \" href=\"https:\/\/lovelysecret.be\/nl\/contact\/#reserver\" ><button type=\"button\" id=\"ubtn-5303\"  class=\"ubtn ult-adjust-bottom-margin ult-responsive ubtn-normal ubtn-fade-bg  none  ubtn-sep-icon ubtn-sep-icon-top-push  ubtn-left   tooltip-69eb94253dcb2\"  data-hover=\"#ffffff\" data-border-color=\"\" data-bg=\"#9d3bc6\" data-hover-bg=\"#444444\" data-border-hover=\"\" data-shadow-hover=\"\" data-shadow-click=\"none\" data-shadow=\"\" data-shd-shadow=\"\"  data-ultimate-target='#ubtn-5303'  data-responsive-json-new='{\"font-size\":\"desktop:14px;\",\"line-height\":\"\"}'  style=\"font-weight:normal;border:none;background: #9d3bc6;color: #ffffff;\"><span class=\"ubtn-data ubtn-icon\"><i class=\"icomoon-the7-font-the7-arrow-07\" style=\"font-size:14px;color:#ffffff;\"><\/i><\/span><span class=\"ubtn-hover\" style=\"background-color:#444444\"><\/span><span class=\"ubtn-data ubtn-text \" >Mijn sextoy-demonstratie boeken<\/span><\/button><\/a><\/div>[\/vc_column][\/vc_row][vc_row full_width=&#8221;stretch_row&#8221; css=&#8221;.vc_custom_1593456603411{padding-top: 75px !important;padding-bottom: 75px !important;background-color: #ffffff !important;}&#8221;][vc_column width=&#8221;1\/2&#8243;][vc_single_image image=&#8221;1079&#8243; img_size=&#8221;full&#8221; alignment=&#8221;center&#8221;][\/vc_column][vc_column width=&#8221;1\/2&#8243;][vc_custom_heading text=&#8221;Je vriend(inn)en via e-mail uitnodigen&#8221; font_container=&#8221;tag:h2|font_size:20px|text_align:left|line_height:20px&#8221; use_theme_fonts=&#8221;yes&#8221;][vc_separator color=&#8221;custom&#8221; align=&#8221;align_left&#8221; border_width=&#8221;2&#8243; el_width=&#8221;20&#8243; accent_color=&#8221;#9d3bc6&#8243; css=&#8221;.vc_custom_1592264001019{padding-top: 30px !important;}&#8221;][vc_column_text]<\/p>\n<p style=\"text-align: justify;\">E-mail vormt nog steeds een goede manier om vriend(inn)en uit te nodigen op een sextoy-avondje. Het responspercentage is meestal hoog omdat de persoon in kwestie je kent en daarom de e-mail opent om te antwoorden. Enkele dagen na de bevestiging van je sextoy-feestje stuurt Lovely Secret je een aangepaste, virtuele uitnodiging in fotoformaat. Je kunt die in je e-mail gebruiken om elke persoon persoonlijk uit te nodigen die je graag op je demonstratie zou willen zien. Voeg een korte persoonlijke boodschap toe om te voorkomen dat je bericht ongelezen blijft.<\/p>\n<p>[\/vc_column_text]<div class=\" vc_custom_1597665899762 ubtn-ctn-left \"><a class=\"ubtn-link ult-adjust-bottom-margin ubtn-left ubtn-normal \" href=\"https:\/\/lovelysecret.be\/nl\/contact\/#reserver\" ><button type=\"button\" id=\"ubtn-2241\"  class=\"ubtn ult-adjust-bottom-margin ult-responsive ubtn-normal ubtn-fade-bg  none  ubtn-sep-icon ubtn-sep-icon-top-push  ubtn-left   tooltip-69eb94253dcef\"  data-hover=\"#ffffff\" data-border-color=\"\" data-bg=\"#9d3bc6\" data-hover-bg=\"#444444\" data-border-hover=\"\" data-shadow-hover=\"\" data-shadow-click=\"none\" data-shadow=\"\" data-shd-shadow=\"\"  data-ultimate-target='#ubtn-2241'  data-responsive-json-new='{\"font-size\":\"desktop:14px;\",\"line-height\":\"\"}'  style=\"font-weight:normal;border:none;background: #9d3bc6;color: #ffffff;\"><span class=\"ubtn-data ubtn-icon\"><i class=\"icomoon-the7-font-the7-arrow-07\" style=\"font-size:14px;color:#ffffff;\"><\/i><\/span><span class=\"ubtn-hover\" style=\"background-color:#444444\"><\/span><span class=\"ubtn-data ubtn-text \" >Mijn sextoy-demonstratie boeken<\/span><\/button><\/a><\/div>[\/vc_column][\/vc_row][vc_row full_width=&#8221;stretch_row&#8221; css=&#8221;.vc_custom_1593460502925{padding-top: 75px !important;padding-bottom: 75px !important;background-color: #f2f2f2 !important;}&#8221;][vc_column width=&#8221;1\/2&#8243;][vc_single_image image=&#8221;1082&#8243; img_size=&#8221;full&#8221; alignment=&#8221;center&#8221;][\/vc_column][vc_column width=&#8221;1\/2&#8243;][vc_custom_heading text=&#8221;Je vriend(inn)en uitnodigen via Facebook&#8221; font_container=&#8221;tag:h2|font_size:20px|text_align:left|line_height:20px&#8221; use_theme_fonts=&#8221;yes&#8221;][vc_separator color=&#8221;custom&#8221; align=&#8221;align_left&#8221; border_width=&#8221;2&#8243; el_width=&#8221;20&#8243; accent_color=&#8221;#9d3bc6&#8243; css=&#8221;.vc_custom_1592264001019{padding-top: 30px !important;}&#8221;][vc_column_text]<\/p>\n<p style=\"text-align: justify;\">De meeste van je vriend(inn)en gebruiken dagelijks Facebook. Het vormt dus de ideale plek om contact met hen op te nemen en in de kijker te lopen. Je kunt een event aanmaken en je vrienden uitnodigen om deel te nemen. Breng ze op de hoogte via een priv\u00e9bericht zodat je er zeker van bent dat het event door de mensen in kwestie ook gezien wordt, wat niet altijd het geval is. Veel mensen ontvangen namelijk regelmatig meldingen, waardoor ze er na verloop van tijd niet veel aandacht meer aan besteden. Je kunt het event ook opnemen in je tijdlijn om zo de impact bij je kennissen te vergroten.<\/p>\n<p>[\/vc_column_text]<div class=\" vc_custom_1597665923827 ubtn-ctn-left \"><a class=\"ubtn-link ult-adjust-bottom-margin ubtn-left ubtn-normal \" href=\"https:\/\/lovelysecret.be\/nl\/contact\/#reserver\" ><button type=\"button\" id=\"ubtn-8469\"  class=\"ubtn ult-adjust-bottom-margin ult-responsive ubtn-normal ubtn-fade-bg  none  ubtn-sep-icon ubtn-sep-icon-top-push  ubtn-left   tooltip-69eb94253dd28\"  data-hover=\"#ffffff\" data-border-color=\"\" data-bg=\"#9d3bc6\" data-hover-bg=\"#444444\" data-border-hover=\"\" data-shadow-hover=\"\" data-shadow-click=\"none\" data-shadow=\"\" data-shd-shadow=\"\"  data-ultimate-target='#ubtn-8469'  data-responsive-json-new='{\"font-size\":\"desktop:14px;\",\"line-height\":\"\"}'  style=\"font-weight:normal;border:none;background: #9d3bc6;color: #ffffff;\"><span class=\"ubtn-data ubtn-icon\"><i class=\"icomoon-the7-font-the7-arrow-07\" style=\"font-size:14px;color:#ffffff;\"><\/i><\/span><span class=\"ubtn-hover\" style=\"background-color:#444444\"><\/span><span class=\"ubtn-data ubtn-text \" >Mijn sextoy-demonstratie boeken<\/span><\/button><\/a><\/div>[\/vc_column][\/vc_row][vc_row full_width=&#8221;stretch_row&#8221; css=&#8221;.vc_custom_1593460703068{border-bottom-width: 1px !important;padding-top: 75px !important;padding-bottom: 75px !important;background-color: #ffffff !important;border-bottom-color: #444444 !important;border-bottom-style: solid !important;}&#8221;][vc_column width=&#8221;1\/2&#8243;][vc_single_image image=&#8221;1086&#8243; img_size=&#8221;full&#8221; alignment=&#8221;center&#8221;][\/vc_column][vc_column width=&#8221;1\/2&#8243;][vc_custom_heading text=&#8221;Je vriend(inn)en uitnodigen via sms&#8221; font_container=&#8221;tag:h2|font_size:20px|text_align:left|line_height:20px&#8221; use_theme_fonts=&#8221;yes&#8221;][vc_separator color=&#8221;custom&#8221; align=&#8221;align_left&#8221; border_width=&#8221;2&#8243; el_width=&#8221;20&#8243; accent_color=&#8221;#9d3bc6&#8243; css=&#8221;.vc_custom_1592264001019{padding-top: 30px !important;}&#8221;][vc_column_text]<\/p>\n<p style=\"text-align: justify;\">Sms&#8217;en blijft het snelste medium met de grootste respons. Iemand die een sms-bericht ontvangt, leest het meestal binnen enkele minuten. Het effect is dus ogenblikkelijk en je zult ook sneller reacties krijgen. Je vrienden uitnodigen per sms is \u00e9\u00e9n ding, maar je kunt ze natuurlijk ook een paar dagen v\u00f3\u00f3r je sextoy-avondje een herinnering sturen met de datum en het tijdstip zodat ze geen andere verplichtingen aangaan. Vergeet niet dat het bedrag van je waardebon bepaald wordt door de aankopen van de vriend(inn)en die op je demo aanwezig zullen zijn!<\/p>\n<p>[\/vc_column_text]<div class=\" vc_custom_1597665959938 ubtn-ctn-left \"><a class=\"ubtn-link ult-adjust-bottom-margin ubtn-left ubtn-normal \" href=\"https:\/\/lovelysecret.be\/nl\/contact\/#reserver\" ><button type=\"button\" id=\"ubtn-5084\"  class=\"ubtn ult-adjust-bottom-margin ult-responsive ubtn-normal ubtn-fade-bg  none  ubtn-sep-icon ubtn-sep-icon-top-push  ubtn-left   tooltip-69eb94253dd5e\"  data-hover=\"#ffffff\" data-border-color=\"\" data-bg=\"#9d3bc6\" data-hover-bg=\"#444444\" data-border-hover=\"\" data-shadow-hover=\"\" data-shadow-click=\"none\" data-shadow=\"\" data-shd-shadow=\"\"  data-ultimate-target='#ubtn-5084'  data-responsive-json-new='{\"font-size\":\"desktop:14px;\",\"line-height\":\"\"}'  style=\"font-weight:normal;border:none;background: #9d3bc6;color: #ffffff;\"><span class=\"ubtn-data ubtn-icon\"><i class=\"icomoon-the7-font-the7-arrow-07\" style=\"font-size:14px;color:#ffffff;\"><\/i><\/span><span class=\"ubtn-hover\" style=\"background-color:#444444\"><\/span><span class=\"ubtn-data ubtn-text \" >Mijn sextoy-demonstratie boeken<\/span><\/button><\/a><\/div>[\/vc_column][\/vc_row][vc_row full_width=&#8221;stretch_row&#8221; gap=&#8221;1&#8243;][vc_column css=&#8221;.vc_custom_1591551064863{border-right-width: 1px !important;border-right-color: #ffffff !important;border-right-style: solid !important;}&#8221;][vc_column_text]<\/p>\n<p style=\"text-align: center;\"><strong><a href=\"https:\/\/lovelysecret.be\/nl\/voorbereidingen\/\">VOORBEREIDING<\/a><\/strong><br \/>\n<a href=\"https:\/\/lovelysecret.be\/nl\/voorbereidingen\/checklist\/\">Checklist<\/a>\u00a0 \u2022\u00a0 Vriendinnen uitnodigen\u00a0 \u2022\u00a0 <a href=\"https:\/\/lovelysecret.be\/nl\/voorbereidingen\/voorbereidingen-thuis\/\">Voorbereidingen thuis<\/a>\u00a0 \u2022\u00a0 <a href=\"https:\/\/lovelysecret.be\/nl\/voorbereidingen\/ontvangst-van-de-demonstratrice\/\">Ontvangst van de demonstratrice<\/a><\/p>\n<p>[\/vc_column_text][\/vc_column][\/vc_row]<\/p>\n","protected":false},"excerpt":{"rendered":"<p>[vc_row full_width=&#8221;stretch_row_content_no_spaces&#8221; equal_height=&#8221;yes&#8221;][vc_column width=&#8221;1\/2&#8243; css=&#8221;.vc_custom_1593510110102{margin-top: 0px !important;margin-right: 0px !important;margin-bottom: 0px !important;margin-left: 0px !important;padding-top: 0px !important;padding-right: 0px !important;padding-bottom: 0px !important;padding-left: 0px !important;background-image: url(https:\/\/lovelysecret.be\/wp-content\/uploads\/2020\/06\/Copie-de-Sans-titre-40.png?id=1053) !important;background-position: center !important;background-repeat: no-repeat !important;background-size: cover !important;}&#8221;][vc_empty_space height=&#8221;250px&#8221;][\/vc_column][vc_column width=&#8221;1\/2&#8243; css=&#8221;.vc_custom_1591380835181{padding-top: 50px !important;padding-right: 50px !important;padding-bottom: 50px !important;padding-left: 50px !important;}&#8221;][vc_custom_heading text=&#8221;JE VRIEND(INN)EN UITNODIGEN&#8221; font_container=&#8221;tag:h2|font_size:24px|text_align:center|line_height:24px&#8221; google_fonts=&#8221;font_family:Nunito%3A300%2Cregular%2C700|font_style:700%20bold%20regular%3A700%3Anormal&#8221;][vc_custom_heading text=&#8221;Op je thuisdemonstratie van sextoys&#8221; font_container=&#8221;tag:h2|font_size:20px|text_align:center|line_height:20px&#8221; use_theme_fonts=&#8221;yes&#8221;][vc_separator color=&#8221;custom&#8221; border_width=&#8221;2&#8243; el_width=&#8221;20&#8243;&hellip;<\/p>\n","protected":false},"author":1,"featured_media":0,"parent":58844,"menu_order":0,"comment_status":"closed","ping_status":"closed","template":"","meta":{"footnotes":""},"class_list":["post-58858","page","type-page","status-publish","hentry","description-off"],"_links":{"self":[{"href":"https:\/\/lovelysecret.be\/nl\/wp-json\/wp\/v2\/pages\/58858","targetHints":{"allow":["GET"]}}],"collection":[{"href":"https:\/\/lovelysecret.be\/nl\/wp-json\/wp\/v2\/pages"}],"about":[{"href":"https:\/\/lovelysecret.be\/nl\/wp-json\/wp\/v2\/types\/page"}],"author":[{"embeddable":true,"href":"https:\/\/lovelysecret.be\/nl\/wp-json\/wp\/v2\/users\/1"}],"replies":[{"embeddable":true,"href":"https:\/\/lovelysecret.be\/nl\/wp-json\/wp\/v2\/comments?post=58858"}],"version-history":[{"count":9,"href":"https:\/\/lovelysecret.be\/nl\/wp-json\/wp\/v2\/pages\/58858\/revisions"}],"predecessor-version":[{"id":59259,"href":"https:\/\/lovelysecret.be\/nl\/wp-json\/wp\/v2\/pages\/58858\/revisions\/59259"}],"up":[{"embeddable":true,"href":"https:\/\/lovelysecret.be\/nl\/wp-json\/wp\/v2\/pages\/58844"}],"wp:attachment":[{"href":"https:\/\/lovelysecret.be\/nl\/wp-json\/wp\/v2\/media?parent=58858"}],"curies":[{"name":"wp","href":"https:\/\/api.w.org\/{rel}","templated":true}]}}