{"id":58844,"date":"2020-07-29T21:17:51","date_gmt":"2020-07-29T19:17:51","guid":{"rendered":"https:\/\/lovelysecret.be\/voorbereidingen\/"},"modified":"2025-09-16T11:52:37","modified_gmt":"2025-09-16T09:52:37","slug":"voorbereidingen","status":"publish","type":"page","link":"https:\/\/lovelysecret.be\/nl\/voorbereidingen\/","title":{"rendered":"Voorbereidingen"},"content":{"rendered":"<p>[vc_row full_width=&#8221;stretch_row_content_no_spaces&#8221;][vc_column]\n\t\t\t<!-- START Pr\u00e9parer REVOLUTION SLIDER 6.6.14 --><p class=\"rs-p-wp-fix\"><\/p>\n\t\t\t<rs-module-wrap id=\"rev_slider_6_1_wrapper\" data-source=\"gallery\" style=\"visibility:hidden;background:transparent;padding:0;margin:0px auto;margin-top:0;margin-bottom:0;\">\n\t\t\t\t<rs-module id=\"rev_slider_6_1\" style=\"\" data-version=\"6.6.14\">\n\t\t\t\t\t<rs-slides style=\"overflow: hidden; position: absolute;\">\n\t\t\t\t\t\t<rs-slide style=\"position: absolute;\" data-key=\"rs-44\" data-title=\"Slide\" data-in=\"o:0;\" data-out=\"a:false;\">\n\t\t\t\t\t\t\t<img decoding=\"async\" src=\"\/\/lovelysecret.be\/wp-content\/plugins\/revslider\/public\/assets\/assets\/dummy.png\" alt=\"Pr\u00e9parer sa d\u00e9monstration sextoys \u00e0 domicile avec Lovely Secret\" title=\"Design-sans-titre-86\" width=\"1920\" height=\"1080\" class=\"rev-slidebg tp-rs-img rs-lazyload\" data-lazyload=\"\/\/lovelysecret.be\/wp-content\/uploads\/2020\/06\/Design-sans-titre-86.png\" data-bg=\"p:0% 0%;\" data-no-retina>\n<!--\n\t\t\t\t\t\t\t--><rs-layer\n\t\t\t\t\t\t\t\tid=\"slider-6-slide-44-layer-0\" \n\t\t\t\t\t\t\t\tdata-type=\"text\"\n\t\t\t\t\t\t\t\tdata-color=\"#fff\"\n\t\t\t\t\t\t\t\tdata-tsh=\"c:rgba(0,0,0,0.75);h:5px,5px,3px,3px;b:10px,10px,6px,6px;\"\n\t\t\t\t\t\t\t\tdata-xy=\"x:c;y:m;yo:-30px,-30px,-18px,-18px;\"\n\t\t\t\t\t\t\t\tdata-text=\"w:normal;s:50,50,31,31;l:70,70,43,43;ls:-1,-1,0,-1;fw:700;a:center;\"\n\t\t\t\t\t\t\t\tdata-dim=\"minh:0px,0px,none,0px;\"\n\t\t\t\t\t\t\t\tdata-rsp_bd=\"off\"\n\t\t\t\t\t\t\t\tdata-frame_999=\"o:0;st:w;\"\n\t\t\t\t\t\t\t\tstyle=\"z-index:5;font-family:'Nunito';text-transform:uppercase;\"\n\t\t\t\t\t\t\t>UW HOMEPARTY \n\t\t\t\t\t\t\t<\/rs-layer><!--\n\n\t\t\t\t\t\t\t--><rs-layer\n\t\t\t\t\t\t\t\tid=\"slider-6-slide-44-layer-1\" \n\t\t\t\t\t\t\t\tdata-type=\"text\"\n\t\t\t\t\t\t\t\tdata-tsh=\"c:#000000;h:5px,5px,3px,3px;b:10px,10px,6px,6px;\"\n\t\t\t\t\t\t\t\tdata-xy=\"x:c;y:m;yo:46px,46px,28px,28px;\"\n\t\t\t\t\t\t\t\tdata-text=\"w:normal;s:20,20,12,12;l:25,25,15,15;\"\n\t\t\t\t\t\t\t\tdata-rsp_bd=\"off\"\n\t\t\t\t\t\t\t\tdata-frame_999=\"o:0;st:w;\"\n\t\t\t\t\t\t\t\tstyle=\"z-index:6;font-family:'Nunito';text-transform:uppercase;\"\n\t\t\t\t\t\t\t>voorbereiden \n\t\t\t\t\t\t\t<\/rs-layer><!--\n-->\t\t\t\t\t\t<\/rs-slide>\n\t\t\t\t\t<\/rs-slides>\n\t\t\t\t<\/rs-module>\n\t\t\t\t<script>\n\t\t\t\t\tsetREVStartSize({c: 'rev_slider_6_1',rl:[1240,1240,778,778],el:[500,500,960,960],gw:[1240,1240,778,778],gh:[500,500,360,360],type:'standard',justify:'',layout:'fullwidth',mh:\"0\"});if (window.RS_MODULES!==undefined && window.RS_MODULES.modules!==undefined && window.RS_MODULES.modules[\"revslider61\"]!==undefined) {window.RS_MODULES.modules[\"revslider61\"].once = false;window.revapi6 = undefined;if (window.RS_MODULES.checkMinimal!==undefined) window.RS_MODULES.checkMinimal()}\n\t\t\t\t<\/script>\n\t\t\t<\/rs-module-wrap>\n\t\t\t<!-- END REVOLUTION SLIDER -->\n[\/vc_column][\/vc_row][vc_row css=&#8221;.vc_custom_1591958826576{margin-top: 100px !important;margin-bottom: 50px !important;}&#8221;][vc_column width=&#8221;1\/2&#8243;][vc_single_image image=&#8221;1044&#8243; img_size=&#8221;full&#8221;][\/vc_column][vc_column width=&#8221;1\/2&#8243;][vc_custom_heading text=&#8221;Pre-demonstratie checklist&#8221; font_container=&#8221;tag:h2|font_size:24px|text_align:left|line_height:24px&#8221; use_theme_fonts=&#8221;yes&#8221;][vc_custom_heading text=&#8221;Hoe bereid je je party optimaal voor?&#8221; font_container=&#8221;tag:h2|font_size:15px|text_align:left|line_height:18px&#8221; use_theme_fonts=&#8221;yes&#8221;][vc_separator color=&#8221;custom&#8221; align=&#8221;align_left&#8221; border_width=&#8221;2&#8243; el_width=&#8221;20&#8243; accent_color=&#8221;#9d3bc6&#8243; css=&#8221;.vc_custom_1591958502355{padding-top: 30px !important;}&#8221;][vc_column_text]<br \/>\nDankzij onze <strong>checklist<\/strong> kan je problemen door een gebrekkige <strong>voorbereiding<\/strong> vermijden. De checklist toont je <strong>punt voor punt<\/strong> wat er allemaal moet gebeuren voordat je avondje van start kan gaan. Van het eerste contact tot de ontvangst van de demonstratrice over het uitnodigen van je vriend(inn)en of de voorbereidingen thuis hebben wij aan alles gedacht. Volg gewoon onze <strong>checklist<\/strong> en je avond wordt gegarandeerd een succes!<br \/>\n[\/vc_column_text]<div class=\" vc_custom_1758016266008 ubtn-ctn-left \"><a class=\"ubtn-link ult-adjust-bottom-margin ubtn-left ubtn-normal \" href=\"https:\/\/lovelysecret.be\/nl\/voorbereidingen\/checklist\/\" title=\"Checklist\" ><button type=\"button\" id=\"ubtn-1817\"  class=\"ubtn ult-adjust-bottom-margin ult-responsive ubtn-normal ubtn-fade-bg  none  ubtn-sep-icon ubtn-sep-icon-top-push  ubtn-left   tooltip-69eb940b1f3fb\"  data-hover=\"#ffffff\" data-border-color=\"\" data-bg=\"#9d3bc6\" data-hover-bg=\"#444444\" data-border-hover=\"\" data-shadow-hover=\"\" data-shadow-click=\"none\" data-shadow=\"\" data-shd-shadow=\"\"  data-ultimate-target='#ubtn-1817'  data-responsive-json-new='{\"font-size\":\"desktop:14px;\",\"line-height\":\"\"}'  style=\"font-weight:normal;border:none;background: #9d3bc6;color: #ffffff;\"><span class=\"ubtn-data ubtn-icon\"><i class=\"icomoon-the7-font-the7-arrow-07\" style=\"font-size:14px;color:#ffffff;\"><\/i><\/span><span class=\"ubtn-hover\" style=\"background-color:#444444\"><\/span><span class=\"ubtn-data ubtn-text \" >Meer over de checklist<\/span><\/button><\/a><\/div>[\/vc_column][\/vc_row][vc_row css=&#8221;.vc_custom_1591958330036{margin-top: 50px !important;margin-bottom: 50px !important;}&#8221;][vc_column width=&#8221;1\/2&#8243;][vc_single_image image=&#8221;1054&#8243; img_size=&#8221;full&#8221;][\/vc_column][vc_column width=&#8221;1\/2&#8243;][vc_custom_heading text=&#8221;Vriend(inn)en uitnodigen&#8221; font_container=&#8221;tag:h2|font_size:24px|text_align:left|line_height:24px&#8221; use_theme_fonts=&#8221;yes&#8221;][vc_custom_heading text=&#8221;Hoe nodig je het best jouw vriend(inn)en uit?&#8221; font_container=&#8221;tag:h2|font_size:15px|text_align:left|line_height:18px&#8221; use_theme_fonts=&#8221;yes&#8221;][vc_separator color=&#8221;custom&#8221; align=&#8221;align_left&#8221; border_width=&#8221;2&#8243; el_width=&#8221;20&#8243; accent_color=&#8221;#9d3bc6&#8243; css=&#8221;.vc_custom_1591958502355{padding-top: 30px !important;}&#8221;][vc_column_text]<br \/>\nHoewel het misschien eenvoudig lijkt om je <strong>vriend(inn)en uit te nodigen<\/strong> voor een sensuele homeparty, kun je toch maar beter <strong>een groot aantal mensen uitnodigen<\/strong>: sommigen zullen namelijk na verloop toch afzeggen. Het komt er dus op aan alles in het werk te stellen om zoveel mogelijk mensen te <strong>motiveren<\/strong>. Facebook, WhatsApp, e-mails, sms&#8217;jes, telefoontjes, korte gesprekken op kantoor&#8230; Alles is goed om in contact te treden en samen een <strong>doodle<\/strong> in te vullen om een datum vast te leggen die voor iedereen past.<br \/>\n[\/vc_column_text]<div class=\" vc_custom_1758016282915 ubtn-ctn-left \"><a class=\"ubtn-link ult-adjust-bottom-margin ubtn-left ubtn-normal \" href=\"https:\/\/lovelysecret.be\/nl\/voorbereidingen\/vriendinnen-uitnodigen\/\" title=\"Vriendinnen uitnodigen\" ><button type=\"button\" id=\"ubtn-5214\"  class=\"ubtn ult-adjust-bottom-margin ult-responsive ubtn-normal ubtn-fade-bg  none  ubtn-sep-icon ubtn-sep-icon-top-push  ubtn-left   tooltip-69eb940b1f44f\"  data-hover=\"#ffffff\" data-border-color=\"\" data-bg=\"#9d3bc6\" data-hover-bg=\"#444444\" data-border-hover=\"\" data-shadow-hover=\"\" data-shadow-click=\"none\" data-shadow=\"\" data-shd-shadow=\"\"  data-ultimate-target='#ubtn-5214'  data-responsive-json-new='{\"font-size\":\"desktop:14px;\",\"line-height\":\"\"}'  style=\"font-weight:normal;border:none;background: #9d3bc6;color: #ffffff;\"><span class=\"ubtn-data ubtn-icon\"><i class=\"icomoon-the7-font-the7-arrow-07\" style=\"font-size:14px;color:#ffffff;\"><\/i><\/span><span class=\"ubtn-hover\" style=\"background-color:#444444\"><\/span><span class=\"ubtn-data ubtn-text \" >Meer over onze tips<\/span><\/button><\/a><\/div>[\/vc_column][\/vc_row][vc_row css=&#8221;.vc_custom_1591958330036{margin-top: 50px !important;margin-bottom: 50px !important;}&#8221;][vc_column width=&#8221;1\/2&#8243;][vc_single_image image=&#8221;1063&#8243; img_size=&#8221;full&#8221;][\/vc_column][vc_column width=&#8221;1\/2&#8243;][vc_custom_heading text=&#8221;Voorbereidingen thuis&#8221; font_container=&#8221;tag:h2|font_size:24px|text_align:left|line_height:24px&#8221; use_theme_fonts=&#8221;yes&#8221;][vc_custom_heading text=&#8221;Hoe bereid je jouw huis optimaal voor op een demonstratie?&#8221; font_container=&#8221;tag:h2|font_size:15px|text_align:left|line_height:18px&#8221; use_theme_fonts=&#8221;yes&#8221;][vc_separator color=&#8221;custom&#8221; align=&#8221;align_left&#8221; border_width=&#8221;2&#8243; el_width=&#8221;20&#8243; accent_color=&#8221;#9d3bc6&#8243; css=&#8221;.vc_custom_1591958502355{padding-top: 30px !important;}&#8221;][vc_column_text]<br \/>\nEen <strong>lege tafel<\/strong>, een <strong>aparte ruimte<\/strong> voor de bestellingen&#8230; Het lijkt misschien voor de hand liggend, maar toch kan het geen kwaad onze <strong>aanbevelingen<\/strong> voor de inrichting en <strong>voorbereiding<\/strong> van je huis eens te lezen zodat je de demonstratrice en je vriend(inn)en optimaal kunt ontvangen. Bovendien moet je er ook eens bij stilstaan welke <strong>drankjes, hapjes, toastjes <\/strong>en <strong>chips<\/strong> je wilt aanbieden&#8230; Lees dus eens onze tips en aanbevelingen voor een perfecte voorbereiding.<br \/>\n[\/vc_column_text]<div class=\" vc_custom_1758016306500 ubtn-ctn-left \"><a class=\"ubtn-link ult-adjust-bottom-margin ubtn-left ubtn-normal \" href=\"https:\/\/lovelysecret.be\/nl\/voorbereidingen\/voorbereidingen-thuis\/\" title=\"Voorbereidingen thuis\" ><button type=\"button\" id=\"ubtn-1765\"  class=\"ubtn ult-adjust-bottom-margin ult-responsive ubtn-normal ubtn-fade-bg  none  ubtn-sep-icon ubtn-sep-icon-top-push  ubtn-left   tooltip-69eb940b1f48c\"  data-hover=\"#ffffff\" data-border-color=\"\" data-bg=\"#9d3bc6\" data-hover-bg=\"#444444\" data-border-hover=\"\" data-shadow-hover=\"\" data-shadow-click=\"none\" data-shadow=\"\" data-shd-shadow=\"\"  data-ultimate-target='#ubtn-1765'  data-responsive-json-new='{\"font-size\":\"desktop:14px;\",\"line-height\":\"\"}'  style=\"font-weight:normal;border:none;background: #9d3bc6;color: #ffffff;\"><span class=\"ubtn-data ubtn-icon\"><i class=\"icomoon-the7-font-the7-arrow-07\" style=\"font-size:14px;color:#ffffff;\"><\/i><\/span><span class=\"ubtn-hover\" style=\"background-color:#444444\"><\/span><span class=\"ubtn-data ubtn-text \" >Meer over de voorbereidingen<\/span><\/button><\/a><\/div>[\/vc_column][\/vc_row][vc_row css=&#8221;.vc_custom_1591958330036{margin-top: 50px !important;margin-bottom: 50px !important;}&#8221;][vc_column width=&#8221;1\/2&#8243;][vc_single_image image=&#8221;1071&#8243; img_size=&#8221;full&#8221;][\/vc_column][vc_column width=&#8221;1\/2&#8243;][vc_custom_heading text=&#8221;Ontvangst van de consultente&#8221; font_container=&#8221;tag:h2|font_size:24px|text_align:left|line_height:24px&#8221; use_theme_fonts=&#8221;yes&#8221;][vc_custom_heading text=&#8221;Hoe zorg je voor een goede ontvangst van de consultente?&#8221; font_container=&#8221;tag:h2|font_size:15px|text_align:left|line_height:18px&#8221; use_theme_fonts=&#8221;yes&#8221;][vc_separator color=&#8221;custom&#8221; align=&#8221;align_left&#8221; border_width=&#8221;2&#8243; el_width=&#8221;20&#8243; accent_color=&#8221;#9d3bc6&#8243; css=&#8221;.vc_custom_1591958502355{padding-top: 30px !important;}&#8221;][vc_column_text]<br \/>\nJe <strong>demonstratrice<\/strong> zal een beetje v\u00f3\u00f3r jouw gasten arriveren om op de tafel haar <strong>producten <\/strong>te kunnen <strong>etaleren<\/strong>. Jullie kunnen zo <strong>even met elkaar babbelen<\/strong> om elkaar beter te leren kennen voordat de <strong>groep<\/strong> arriveert. Ze zal kijken of alles in orde is, je inlichten over het <strong>verloop<\/strong> van de avond en je een aantal praktische tips geven. Ze kan zich zo ook een beter beeld vormen van de <strong>persoonlijkheid van de groep<\/strong>, zodat ze zich er beter aan kan aanpassen.<br \/>\n[\/vc_column_text]<div class=\" vc_custom_1758016333229 ubtn-ctn-left \"><a class=\"ubtn-link ult-adjust-bottom-margin ubtn-left ubtn-normal \" href=\"https:\/\/lovelysecret.be\/nl\/voorbereidingen\/ontvangst-van-de-demonstratrice\/\" title=\"Ontvangst van de demonstratrice\" ><button type=\"button\" id=\"ubtn-3642\"  class=\"ubtn ult-adjust-bottom-margin ult-responsive ubtn-normal ubtn-fade-bg  none  ubtn-sep-icon ubtn-sep-icon-top-push  ubtn-left   tooltip-69eb940b1f4c4\"  data-hover=\"#ffffff\" data-border-color=\"\" data-bg=\"#9d3bc6\" data-hover-bg=\"#444444\" data-border-hover=\"\" data-shadow-hover=\"\" data-shadow-click=\"none\" data-shadow=\"\" data-shd-shadow=\"\"  data-ultimate-target='#ubtn-3642'  data-responsive-json-new='{\"font-size\":\"desktop:14px;\",\"line-height\":\"\"}'  style=\"font-weight:normal;border:none;background: #9d3bc6;color: #ffffff;\"><span class=\"ubtn-data ubtn-icon\"><i class=\"icomoon-the7-font-the7-arrow-07\" style=\"font-size:14px;color:#ffffff;\"><\/i><\/span><span class=\"ubtn-hover\" style=\"background-color:#444444\"><\/span><span class=\"ubtn-data ubtn-text \" >Meer over de ontvangst<\/span><\/button><\/a><\/div>[\/vc_column][\/vc_row]<\/p>\n","protected":false},"excerpt":{"rendered":"<p>[vc_row full_width=&#8221;stretch_row_content_no_spaces&#8221;][vc_column][\/vc_column][\/vc_row][vc_row css=&#8221;.vc_custom_1591958826576{margin-top: 100px !important;margin-bottom: 50px !important;}&#8221;][vc_column width=&#8221;1\/2&#8243;][vc_single_image image=&#8221;1044&#8243; img_size=&#8221;full&#8221;][\/vc_column][vc_column width=&#8221;1\/2&#8243;][vc_custom_heading text=&#8221;Pre-demonstratie checklist&#8221; font_container=&#8221;tag:h2|font_size:24px|text_align:left|line_height:24px&#8221; use_theme_fonts=&#8221;yes&#8221;][vc_custom_heading text=&#8221;Hoe bereid je je party optimaal voor?&#8221; font_container=&#8221;tag:h2|font_size:15px|text_align:left|line_height:18px&#8221; use_theme_fonts=&#8221;yes&#8221;][vc_separator color=&#8221;custom&#8221; align=&#8221;align_left&#8221; border_width=&#8221;2&#8243; el_width=&#8221;20&#8243; accent_color=&#8221;#9d3bc6&#8243; css=&#8221;.vc_custom_1591958502355{padding-top: 30px !important;}&#8221;][vc_column_text] Dankzij onze checklist kan je problemen door een gebrekkige voorbereiding vermijden. De checklist toont je punt voor punt wat er allemaal moet gebeuren&hellip;<\/p>\n","protected":false},"author":1,"featured_media":0,"parent":0,"menu_order":0,"comment_status":"closed","ping_status":"closed","template":"","meta":{"footnotes":""},"class_list":["post-58844","page","type-page","status-publish","hentry","description-off"],"_links":{"self":[{"href":"https:\/\/lovelysecret.be\/nl\/wp-json\/wp\/v2\/pages\/58844","targetHints":{"allow":["GET"]}}],"collection":[{"href":"https:\/\/lovelysecret.be\/nl\/wp-json\/wp\/v2\/pages"}],"about":[{"href":"https:\/\/lovelysecret.be\/nl\/wp-json\/wp\/v2\/types\/page"}],"author":[{"embeddable":true,"href":"https:\/\/lovelysecret.be\/nl\/wp-json\/wp\/v2\/users\/1"}],"replies":[{"embeddable":true,"href":"https:\/\/lovelysecret.be\/nl\/wp-json\/wp\/v2\/comments?post=58844"}],"version-history":[{"count":17,"href":"https:\/\/lovelysecret.be\/nl\/wp-json\/wp\/v2\/pages\/58844\/revisions"}],"predecessor-version":[{"id":68348,"href":"https:\/\/lovelysecret.be\/nl\/wp-json\/wp\/v2\/pages\/58844\/revisions\/68348"}],"wp:attachment":[{"href":"https:\/\/lovelysecret.be\/nl\/wp-json\/wp\/v2\/media?parent=58844"}],"curies":[{"name":"wp","href":"https:\/\/api.w.org\/{rel}","templated":true}]}}